{"id":4813,"date":"2015-11-10T08:53:45","date_gmt":"2015-11-10T08:53:45","guid":{"rendered":"https:\/\/gecco3d.com\/nosaltres\/"},"modified":"2026-02-11T15:01:28","modified_gmt":"2026-02-11T15:01:28","slug":"nosaltres","status":"publish","type":"page","link":"https:\/\/gecco3d.com\/ca\/nosaltres\/","title":{"rendered":"Nosaltres"},"content":{"rendered":"<h2>GECCO TRIDIMENSIONALS<\/h2>\n<h3>\u201cSOM ESPECIALISTES A REPRODUIR LA PERFECCI\u00d3 DE LA NATURALESA\u201d.<\/h3>\n<p>GECCO TRIDIMENSIONALS \u00e9s un taller de modelatge que combina els materials i t\u00e8cniques m\u00e9s id\u00f2nies en la construcci\u00f3 d&#8217;elements volum\u00e8trics de qualsevol grand\u00e0ria amb acabats de realisme cient\u00edfic. Donem forma a la teva imaginaci\u00f3, calquem a la naturalesa. Qualsevol objecte petit o gran el podr\u00e0s tocar, manipular o ampliar.  <\/p>\n","protected":false},"excerpt":{"rendered":"<p>GECCO TRIDIMENSIONALS<br \/>\n\u201cSOM ESPECIALISTES A REPRODUIR LA PERFECCI\u00d3 DE LA NATURALESA\u201d.<\/p>\n<p>GECCO TRIDIMENSIONALS \u00e9s un taller de modelatge que combina els materials i t\u00e8cniques m\u00e9s id\u00f2nies en la construcci\u00f3 d&#8217;elements volum\u00e8trics de qualsevol grand\u00e0ria amb acabats de realisme cient\u00edfic. Donem forma a la teva imaginaci\u00f3, calquem a la naturalesa. Qualsevol objecte petit o gran el podr\u00e0s tocar, manipular o ampliar.  <\/p>\n","protected":false},"author":3,"featured_media":2212,"parent":0,"menu_order":0,"comment_status":"closed","ping_status":"closed","template":"nosotros.php","meta":{"footnotes":""},"class_list":["post-4813","page","type-page","status-publish","has-post-thumbnail","hentry"],"_links":{"self":[{"href":"https:\/\/gecco3d.com\/ca\/wp-json\/wp\/v2\/pages\/4813","targetHints":{"allow":["GET"]}}],"collection":[{"href":"https:\/\/gecco3d.com\/ca\/wp-json\/wp\/v2\/pages"}],"about":[{"href":"https:\/\/gecco3d.com\/ca\/wp-json\/wp\/v2\/types\/page"}],"author":[{"embeddable":true,"href":"https:\/\/gecco3d.com\/ca\/wp-json\/wp\/v2\/users\/3"}],"replies":[{"embeddable":true,"href":"https:\/\/gecco3d.com\/ca\/wp-json\/wp\/v2\/comments?post=4813"}],"version-history":[{"count":1,"href":"https:\/\/gecco3d.com\/ca\/wp-json\/wp\/v2\/pages\/4813\/revisions"}],"predecessor-version":[{"id":5020,"href":"https:\/\/gecco3d.com\/ca\/wp-json\/wp\/v2\/pages\/4813\/revisions\/5020"}],"wp:featuredmedia":[{"embeddable":true,"href":"https:\/\/gecco3d.com\/ca\/wp-json\/wp\/v2\/media\/2212"}],"wp:attachment":[{"href":"https:\/\/gecco3d.com\/ca\/wp-json\/wp\/v2\/media?parent=4813"}],"curies":[{"name":"wp","href":"https:\/\/api.w.org\/{rel}","templated":true}]}}