{"id":4817,"date":"2015-12-03T09:43:26","date_gmt":"2015-12-03T09:43:26","guid":{"rendered":"https:\/\/gecco3d.com\/politica-de-cookies\/"},"modified":"2025-04-09T08:27:24","modified_gmt":"2025-04-09T08:27:24","slug":"politica-de-cookies","status":"publish","type":"page","link":"https:\/\/gecco3d.com\/ca\/politica-de-cookies\/","title":{"rendered":"Politica de cookies"},"content":{"rendered":"<p>Una <em>cookie<\/em> \u00e9s un petit fitxer de text que s&#8217;emmagatzema en el seu navegador quan visita gaireb\u00e9 qualsevol p\u00e0gina web. La seva utilitat \u00e9s que la web sigui capa\u00e7 de recordar la seva visita quan torni a navegar per aquesta p\u00e0gina. Les <em>cookies<\/em> solen emmagatzemar informaci\u00f3 de car\u00e0cter t\u00e8cnic, prefer\u00e8ncies personals, personalitzaci\u00f3 de continguts, estad\u00edstiques d&#8217;\u00fas, enlla\u00e7os a xarxes socials, acc\u00e9s a comptes d&#8217;usuari, etc. L&#8217;objectiu de la <em>cookie<\/em> \u00e9s adaptar el contingut de la web al seu perfil i necessitats, sense <em>cookies<\/em> els serveis oferts per qualsevol p\u00e0gina es veurien minvats notablement. Si desitja consultar m\u00e9s informaci\u00f3 sobre qu\u00e8 s\u00f3n les <em>cookies<\/em>, qu\u00e8 emmagatzemen, com eliminar-les, desactivar-les, etc., <a href=\"https:\/\/gecco3d.com\/mas-informacion-sobre-las-cookies\/\">li preguem que es dirigeixi a aquest enlla\u00e7<\/a>.    <\/p>\n<h2>Cookies utilitzades en aquest lloc web<\/h2>\n<p>Seguint les directrius de l&#8217;Ag\u00e8ncia Espanyola de Protecci\u00f3 de Dades procedim a detallar l&#8217;\u00fas de <em>cookies<\/em> que fa aquesta web amb la finalitat d&#8217;informar-lo amb la m\u00e0xima exactitud possible.<\/p>\n<p>Aquest lloc web utilitza les seg\u00fcents <strong>cookies pr\u00f2pies<\/strong>:<\/p>\n<ul>\n<li>Cookies de sessi\u00f3, per a garantir que els usuaris que escriguin comentaris en el blog siguin humans i no aplicacions automatitzades. D&#8217;aquesta manera es combat el <em>spam<\/em>. <\/li>\n<\/ul>\n<p>Aquest lloc web utilitza les seg\u00fcents <strong>cookies de tercers<\/strong>:<\/p>\n<ul>\n<li>Google Analytics: Emmagatzema <em>cookies<\/em> per a poder elaborar estad\u00edstiques sobre el tr\u00e0nsit i volum de visites d&#8217;aquesta web. En utilitzar aquest lloc web est\u00e0 consentint el tractament d&#8217;informaci\u00f3 sobre vost\u00e8 per Google. Per tant, l&#8217;exercici de qualsevol dret en aquest sentit haur\u00e0 de fer-lo comunicant directament amb Google.  <\/li>\n<li>Xarxes socials: Cada xarxa social utilitza les seves pr\u00f2pies <em>cookies<\/em> perqu\u00e8 vost\u00e8 pugui punxar en botons del tipus <em>M&#8217;agrada<\/em> o <em>Compartir<\/em>.<\/li>\n<\/ul>\n<h2>Desactivaci\u00f3 o eliminaci\u00f3 de cookies<\/h2>\n<p>En qualsevol moment podr\u00e0 exercir el seu dret de desactivaci\u00f3 o eliminaci\u00f3 de cookies d&#8217;aquest lloc web. Aquestes accions es realitzen de manera diferent en funci\u00f3 del navegador que estigui usant. <a href=\"https:\/\/gecco3d.com\/mas-informacion-sobre-las-cookies\/#navegadores\">Aqu\u00ed li deixem una guia r\u00e0pida per als navegadors m\u00e9s populars<\/a>. <\/p>\n<h2>Notes adicionals<\/h2>\n<ul>\n<li>Ni aquesta web ni els seus representants legals es fan responsables ni del contingut ni de la veracitat de les pol\u00edtiques de privacitat que puguin tenir els tercers esmentats en aquesta pol\u00edtica de <em>cookies<\/em>.<\/li>\n<li>Els navegadors web s\u00f3n les eines encarregades d&#8217;emmagatzemar les <em>cookies<\/em> i des d&#8217;aquest lloc ha d&#8217;efectuar el seu dret a eliminaci\u00f3 o desactivaci\u00f3 d&#8217;aquestes. Ni aquesta web ni els seus representants legals poden garantir la correcta o incorrecta manipulaci\u00f3 de les <em>cookies<\/em> per part dels esmentats navegadors. <\/li>\n<li>En alguns casos \u00e9s necessari instal\u00b7lar <em>cookies<\/em> perqu\u00e8 el navegador no oblidi la seva decisi\u00f3 de no acceptaci\u00f3 d&#8217;aquestes.<\/li>\n<li>En el cas de les <em>cookies<\/em> de Google Analytics, aquesta empresa emmagatzema les <em>cookies<\/em> en servidors situats als Estats Units i es compromet a no compartir-la amb tercers, excepte en els casos en els quals sigui necessari per al funcionament del sistema o quan la llei obligui a aquest efecte. Segons Google no guarda la seva adre\u00e7a IP. Google Inc. \u00e9s una companyia adherida a l&#8217;Acord de Port Segur que garanteix que totes les dades transferides seran tractats amb un nivell de protecci\u00f3 concorde a la normativa europea. Pot consultar informaci\u00f3 detallada referent a aix\u00f2 <a href=\"http:\/\/safeharbor.export.gov\/companyinfo.aspx?id=16626\" target=\"_blank\" rel=\"noopener noreferrer\">en aquest enlla\u00e7<\/a>. Si desitja informaci\u00f3 sobre l&#8217;\u00fas que Google dona a les cookies <a href=\"https:\/\/developers.google.com\/analytics\/devguides\/collection\/analyticsjs\/cookie-usage?hl=es&amp;csw=1\" target=\"_blank\" rel=\"noopener noreferrer\">li adjuntem aquest altre enlla\u00e7<\/a>.     <\/li>\n<li>Per a qualsevol dubte o consulta sobre aquesta pol\u00edtica de <em>cookies<\/em> no dubti a comunicar-se amb nosaltres a trav\u00e9s de la secci\u00f3 de contacte.<\/li>\n<\/ul>\n<p>Assessor de Cookies \u00e9s un <a href=\"http:\/\/wordpress.org\/plugins\/asesor-cookies-para-la-ley-en-espana\/\" target=\"_blank\" rel=\"noopener noreferrer\">plugin per a WordPress<\/a> creat per Carlos Doral (<a href=\"http:\/\/webartesanal.com\" target=\"_blank\" rel=\"noopener noreferrer\">webartesanal.com<\/a>)<\/p>\n","protected":false},"excerpt":{"rendered":"<p>Una <em>cookie<\/em> \u00e9s un petit fitxer de text que s&#8217;emmagatzema en el seu navegador quan visita gaireb\u00e9 qualsevol p\u00e0gina web. La seva utilitat \u00e9s que la web sigui capa\u00e7 de recordar la seva visita quan torni a navegar per aquesta p\u00e0gina. Les <em>cookies<\/em> solen emmagatzemar informaci\u00f3 de car\u00e0cter t\u00e8cnic, prefer\u00e8ncies personals, personalitzaci\u00f3 de continguts, estad\u00edstiques d&#8217;\u00fas, enlla\u00e7os a xarxes socials, acc\u00e9s a comptes d&#8217;usuari, etc. L&#8217;objectiu de la <em>cookie<\/em> \u00e9s adaptar el contingut de la web al seu perfil i necessitats, sense <em>cookies<\/em> els serveis oferts per qualsevol p\u00e0gina es veurien minvats notablement.<\/p>\n","protected":false},"author":3,"featured_media":0,"parent":0,"menu_order":0,"comment_status":"closed","ping_status":"closed","template":"","meta":{"footnotes":""},"class_list":["post-4817","page","type-page","status-publish","hentry"],"_links":{"self":[{"href":"https:\/\/gecco3d.com\/ca\/wp-json\/wp\/v2\/pages\/4817","targetHints":{"allow":["GET"]}}],"collection":[{"href":"https:\/\/gecco3d.com\/ca\/wp-json\/wp\/v2\/pages"}],"about":[{"href":"https:\/\/gecco3d.com\/ca\/wp-json\/wp\/v2\/types\/page"}],"author":[{"embeddable":true,"href":"https:\/\/gecco3d.com\/ca\/wp-json\/wp\/v2\/users\/3"}],"replies":[{"embeddable":true,"href":"https:\/\/gecco3d.com\/ca\/wp-json\/wp\/v2\/comments?post=4817"}],"version-history":[{"count":1,"href":"https:\/\/gecco3d.com\/ca\/wp-json\/wp\/v2\/pages\/4817\/revisions"}],"predecessor-version":[{"id":5062,"href":"https:\/\/gecco3d.com\/ca\/wp-json\/wp\/v2\/pages\/4817\/revisions\/5062"}],"wp:attachment":[{"href":"https:\/\/gecco3d.com\/ca\/wp-json\/wp\/v2\/media?parent=4817"}],"curies":[{"name":"wp","href":"https:\/\/api.w.org\/{rel}","templated":true}]}}