{"id":5040,"date":"2025-02-19T11:01:29","date_gmt":"2025-02-19T11:01:29","guid":{"rendered":"https:\/\/gecco3d.com\/avis-legal\/"},"modified":"2025-02-20T14:08:48","modified_gmt":"2025-02-20T14:08:48","slug":"avis-legal","status":"publish","type":"page","link":"https:\/\/gecco3d.com\/ca\/avis-legal\/","title":{"rendered":"Av\u00eds Legal"},"content":{"rendered":"\n<p>Gecco Tridimensionals SL, responsable del lloc web, d&#8217;ara endavant RESPONSABLE, posa a disposici\u00f3 dels usuaris aquest document, amb el qual pret\u00e9n donar compliment a les obligacions disposades en la Llei 34\/2002, d&#8217;11 de juliol, de Serveis de la Societat de la Informaci\u00f3 i del Comer\u00e7 Electr\u00f2nic (LSSICE), aix\u00ed com informar a tots els usuaris del lloc web. d&#8217;usuari, comprometent-se a l&#8217;observan\u00e7a i el compliment rigor\u00f3s de les disposicions aqu\u00ed disposades, aix\u00ed com a qualsevol altra disposici\u00f3 legal que sigui aplicable.<\/p>\n\n<p>Gecco Tridimensionals SL es reserva el dret de modificar qualsevol tipus d&#8217;informaci\u00f3 que pogu\u00e9s apar\u00e8ixer al lloc web, sense que hi hagi obligaci\u00f3 de preavisar o posar en coneixement dels usuaris aquestes obligacions, entenent-se com a suficient amb la publicaci\u00f3 al lloc web de gecco3d.com.<\/p>\n\n<p><strong>1. DADES IDENTIFICATIVES<\/strong><\/p>\n\n<p>Denominaci\u00f3 social: <strong>Gecco Tridimensionals SL<\/strong><br\/> Nom comercial: Gecco 3d<br\/> NIF: B62204789<br\/> Domicili: C. Escoles, 6<br\/> e-mail: <a href=\"mailto:info@gecco3d.com\">info@gecco3d.com<\/a><\/p>\n\n<p><strong>2. OBJECTE<\/strong><\/p>\n\n<p>A trav\u00e9s del Lloc Web, us oferim als Usuaris la possibilitat d&#8217;accedir a la informaci\u00f3 sobre els nostres serveis.<\/p>\n\n<p><strong>3. PRIVACITAT I TRACTAMENT DE DADES<\/strong><\/p>\n\n<p>Quan per a l&#8217;acc\u00e9s a determinats continguts o servei sigui necessari facilitar dades de car\u00e0cter personal, els Usuaris garantiran la seva veracitat, exactitud, autenticitat i vig\u00e8ncia. L&#8217;empresa donar\u00e0 a aquestes dades el tractament automatitzat que correspongui en funci\u00f3 de la seva naturalesa o finalitat, en els termes indicats a la secci\u00f3 de Pol\u00edtica de Privadesa. <\/p>\n\n<p><strong>4. PROPIETAT INDUSTRIAL I INTEL\u00b7LECTUAL<\/strong><\/p>\n\n<p>L&#8217;Usuari reconeix i accepta que tots els continguts que es mostren a l&#8217;Espai Web i en especial, dissenys, textos, imatges, logos, icones, botons, programari, noms comercials, marques, o qualssevol altres signes susceptibles d&#8217;utilitzaci\u00f3 industrial i\/o comercial estan subjectes a drets de Propietat Intel\u00b7lectual i totes les marques, noms comercials o signes distintius, dos a la p\u00e0gina, que s\u00f3n propietat exclusiva de l&#8217;empresa i\/o de tercers, els qui tenen el dret exclusiu d&#8217;utilitzar-los al tr\u00e0nsit econ\u00f2mic. Per tot aix\u00f2, l&#8217;Usuari es compromet a no reproduir, copiar, distribuir, posar a disposici\u00f3 o de qualsevol altra manera comunicar p\u00fablicament, transformar o modificar aquests continguts mantenint indemne l&#8217;empresa de qualsevol reclamaci\u00f3 que es derivi de l&#8217;incompliment d&#8217;aquestes obligacions. <\/p>\n\n<p>En cap cas l&#8217;acc\u00e9s a l&#8217;Espai Web implica cap tipus de ren\u00fancia, transmissi\u00f3, llic\u00e8ncia o cessi\u00f3 total ni parcial dels drets esmentats, llevat que s&#8217;estableixi expressament el contrari. Aquestes Condicions Generals d&#8217;\u00das de l&#8217;Espai Web no confereixen als Usuaris cap altre dret d&#8217;utilitzaci\u00f3, alteraci\u00f3, explotaci\u00f3, reproducci\u00f3, distribuci\u00f3 o comunicaci\u00f3 p\u00fablica de l&#8217;Espai Web i\/o dels seus continguts diferents dels aqu\u00ed previstos expressament. Qualsevol altre \u00fas o explotaci\u00f3 de qualsevol dret estar\u00e0 subjecte a la pr\u00e8via i expressa autoritzaci\u00f3 espec\u00edficament atorgada a aquest efecte per l&#8217;empresa o el tercer titular dels drets afectats.  <\/p>\n\n<p>Els continguts, textos, fotografies, dissenys, logotips, imatges, programes d&#8217;ordinador, codis font i, en general, qualsevol creaci\u00f3 intel\u00b7lectual existent en aquest Espai, aix\u00ed com el mateix Espai en conjunt, com a obra art\u00edstica multim\u00e8dia, estan protegits com a drets d&#8217;autor per la legislaci\u00f3 en mat\u00e8ria de propietat intel\u00b7lectual. L&#8217;empresa \u00e9s titular dels elements que integren el disseny gr\u00e0fic de l&#8217;Espai Web, els men\u00fas, els botons de navegaci\u00f3, el codi HTML, els textos, imatges, textures, gr\u00e0fics i qualsevol altre contingut de l&#8217;Espai Web o, en qualsevol cas, disposa de la corresponent autoritzaci\u00f3 per a la utilitzaci\u00f3 d&#8217;aquests elements. El contingut disposat a l&#8217;Espai Web no podr\u00e0 ser reprodu\u00eft ni en tot ni en part, ni transm\u00e8s, ni registrat per cap sistema de recuperaci\u00f3 d&#8217;informaci\u00f3, de cap manera ni de cap mitj\u00e0, llevat que es compti amb l&#8217;autoritzaci\u00f3 pr\u00e8via, per escrit, de l&#8217;Entitat esmentada.  <\/p>\n\n<p>Aix\u00ed mateix, queda prohibit suprimir, eludir i\/o manipular el copyright aix\u00ed com els dispositius t\u00e8cnics de protecci\u00f3, o qualsevol mecanisme d&#8217;informaci\u00f3 que pogu\u00e9s contenir els continguts. L&#8217;Usuari d&#8217;aquest Espai Web es compromet a respectar els drets enunciats ia evitar qualsevol actuaci\u00f3 que els pugui perjudicar, reservant-se en tot cas l&#8217;empresa l&#8217;exercici de tots els mitjans o accions legals que li corresponguin en defensa dels seus drets leg\u00edtims de propietat intel\u00b7lectual i industrial. <\/p>\n\n<p><strong>5. EXCLUSI\u00d3 DE GARANTIES I RESPONSABILITATS<\/strong><\/p>\n\n<p>L&#8217;usuari ser\u00e0 responsable dels danys i perjudicis de tota naturalesa que \u201cGecco Tridimensionals\u201d pugui patir com a conseq\u00fc\u00e8ncia de l&#8217;incompliment de qualsevol obligaci\u00f3 a qu\u00e8 estigui sotm\u00e8s d&#8217;acord amb aquest av\u00eds legal.<\/p>\n\n<p>L&#8217;empresa exclou qualsevol responsabilitat pels danys i perjudicis de tota naturalesa que es puguin deure a la mala utilitzaci\u00f3 dels serveis de lliure disposici\u00f3 i \u00fas per part dels usuaris d&#8217;espai web. Aix\u00ed mateix, queda exonerat de qualsevol responsabilitat pel contingut i les informacions que puguin ser rebudes com a conseq\u00fc\u00e8ncia dels formularis de recollida de dades, i aquests estan \u00fanicament per a la prestaci\u00f3 dels serveis de consultes i dubtes. D&#8217;altra banda, en cas de causar danys i perjudicis per un \u00fas il\u00b7l\u00edcit o incorrecte dels serveis esmentats, podr\u00e0 ser l&#8217;Usuari reclamat pels danys o perjudicis causats.  <\/p>\n\n<p>Vost\u00e8 mantindr\u00e0 l&#8217;empresa indemne davant de qualsevol dany i perjudici que es derivin de reclamacions, accions o demandes de tercers com a conseq\u00fc\u00e8ncia del seu acc\u00e9s o \u00fas de l&#8217;Espai Web. Aix\u00ed mateix, vost\u00e8 s&#8217;obliga a indemnitzar davant de qualsevol dany i perjudici, que es derivin de l&#8217;\u00fas per la seva banda de robots, spiders, crawlers o eines similars emprades per tal de demanar o extreure dades o de qualsevol altra actuaci\u00f3 per part seva que imposi una c\u00e0rrega irraonable sobre el funcionament de l&#8217;Espai Web. <\/p>\n\n<p><strong>6. HIPERVINCLES<\/strong><\/p>\n\n<p>L&#8217;Usuari s&#8217;obliga a no reproduir de cap manera, ni tan sols mitjan\u00e7ant un hiperenlla\u00e7 o hipervincle, l&#8217;Espai Web, aix\u00ed com cap dels seus continguts, llevat d&#8217;autoritzaci\u00f3 expressa i per escrit del responsable del fitxer.<\/p>\n\n<p>L&#8217;Espai Web pot incloure enlla\u00e7os a altres espais web, gestionats per tercers, per facilitar l&#8217;acc\u00e9s de l&#8217;Usuari a la informaci\u00f3 d&#8217;empreses col\u00b7laboradores i\/o patrocinadores. D&#8217;acord amb aix\u00f2, la societat no es responsabilitza del contingut dels Espais web esmentats, ni se situa en una posici\u00f3 de garant ni\/o de part ofertant dels serveis i\/o informaci\u00f3 que es puguin oferir a tercers a trav\u00e9s dels enlla\u00e7os de tercers. <\/p>\n\n<p><strong>7. PROTECCI\u00d3 DE DADES<\/strong><\/p>\n\n<p>Per utilitzar alguns dels serveis, l&#8217;usuari ha de proporcionar pr\u00e8viament certes dades de car\u00e0cter personal. L&#8217;empresa tractar\u00e0 automatitzadament aquestes dades i aplicar\u00e0 les mesures de seguretat corresponents, tot aix\u00f2 en compliment del RGPD, LOPDGDD i LSSI. L&#8217;Usuari pot accedir a la pol\u00edtica seguida en el tractament de les dades personals, aix\u00ed com l&#8217;establiment de les finalitats pr\u00e8viament establertes, en les condicions definides a la Pol\u00edtica de Privadesa.  <\/p>\n\n<p><strong>8. COOKIES<\/strong><\/p>\n\n<p>L&#8217;empresa es reserva el dret d&#8217;utilitzar la tecnologia \u201ccookie\u201d a l&#8217;Espai Web, per tal de recon\u00e8ixer-ho com a Usuari freq\u00fcent i personalitzar l&#8217;\u00fas que realitzi de l&#8217;Espai Web mitjan\u00e7ant la preselecci\u00f3 del vostre idioma, o continguts m\u00e9s desitjats o espec\u00edfics.<br\/> Les galetes recopilen l&#8217;adre\u00e7a IP de l&#8217;usuari i \u00e9s Google el responsable del tractament d&#8217;aquesta informaci\u00f3.<\/p>\n\n<p>Les cookies s\u00f3n fitxers enviats a un navegador, per mitj\u00e0 d&#8217;un servidor web, per registrar la navegaci\u00f3 de l&#8217;usuari a l&#8217;espai web, quan l&#8217;usuari en permeti la recepci\u00f3. Si ho desitgeu podeu configurar el vostre navegador per a ser avisat en pantalla de la recepci\u00f3 de cookies i per impedir la instal\u00b7laci\u00f3 de cookies al vostre disc dur. Si us plau, consulteu les instruccions i manuals del vostre navegador per ampliar aquesta informaci\u00f3.  <\/p>\n\n<p>Gr\u00e0cies a les cookies, \u00e9s possible que es pugui recon\u00e8ixer el navegador de l&#8217;ordinador utilitzat per l&#8217;Usuari amb la finalitat de facilitar continguts i oferir les prefer\u00e8ncies de navegaci\u00f3 o publicit\u00e0ries que l&#8217;Usuari, als perfils demogr\u00e0fics dels Usuaris aix\u00ed com per mesurar les visites i par\u00e0metres del tr\u00e0nsit, controlar el progr\u00e9s i el nombre d&#8217;entrades.<\/p>\n\n<p><strong>9. DECLARACIONS I GARANTIES<\/strong><\/p>\n\n<p>En general, els continguts i serveis oferts a l&#8217;Espai Web tenen car\u00e0cter merament informatiu. Per tant, en oferir-los, no s&#8217;atorga cap garantia ni cap declaraci\u00f3 en relaci\u00f3 amb els continguts i serveis oferts a l&#8217;espai web, incloent-hi, a t\u00edtol enunciatiu, garanties de licitud, fiabilitat, utilitat, veracitat, exactitud, o comerciabilitat, llevat de la mesura que per llei no es puguin excloure aquestes declaracions i garanties. <\/p>\n\n<p><strong>10. FOR\u00c7A MAJOR<\/strong><\/p>\n\n<p>L&#8217;empresa no ser\u00e0 responsable en tot cas d&#8217;impossibilitat de prestar servei, si aquesta \u00e9s deguda a interrupcions prolongades del subministrament el\u00e8ctric, l\u00ednies de telecomunicacions, conflictes socials, vagues, rebel\u00b7li\u00f3, explosions, inundacions, actes i omissions del Govern, i en general tots els sup\u00f2sits de for\u00e7a major o de cas fortu\u00eft.<\/p>\n\n<p><strong>11. RESOLUCI\u00d3 DE CONTROV\u00c8RSIES. LLEI APLICABLE I JURISDICCI\u00d3 <\/strong><\/p>\n\n<p>Aquestes Condicions Generals d&#8217;\u00das, aix\u00ed com l&#8217;\u00fas de l&#8217;Espai Web, es regeixen per la legislaci\u00f3 espanyola. Per a la resoluci\u00f3 de qualsevol controv\u00e8rsia les parts se sotmetran als jutjats i tribunals del domicili social del responsable del lloc web. <\/p>\n\n<p>En cas que qualsevol estipulaci\u00f3 de les presents Condicions Generals d&#8217;\u00das result\u00e9s inexigible o nul\u00b7la en virtut de la legislaci\u00f3 aplicable o com a conseq\u00fc\u00e8ncia d&#8217;una resoluci\u00f3 judicial o administrativa, aquesta inexigibilitat o nul\u00b7litat no far\u00e0 que aquestes Condicions Generals d&#8217;\u00das resultin inexigibles o nul\u00b7les en conjunt. En aquests casos, l&#8217;empresa ha de modificar o substituir aquesta estipulaci\u00f3 per una altra que sigui v\u00e0lida i exigible i que, en la mesura que sigui possible, aconsegueixi l&#8217;objectiu i la pretensi\u00f3 reflectits en l&#8217;estipulaci\u00f3 original. <\/p>\n\n<figure class=\"wp-block-image size-large\"><img loading=\"lazy\" decoding=\"async\" width=\"1024\" height=\"119\" src=\"https:\/\/gecco3d.com\/wp-content\/uploads\/2025\/02\/kit_digital-1024x119.png\" alt=\"\" class=\"wp-image-5045\" srcset=\"https:\/\/gecco3d.com\/wp-content\/uploads\/2025\/02\/kit_digital-1024x119.png 1024w, https:\/\/gecco3d.com\/wp-content\/uploads\/2025\/02\/kit_digital-300x35.png 300w, https:\/\/gecco3d.com\/wp-content\/uploads\/2025\/02\/kit_digital-768x89.png 768w, https:\/\/gecco3d.com\/wp-content\/uploads\/2025\/02\/kit_digital.png 1200w\" sizes=\"auto, (max-width: 1024px) 100vw, 1024px\" \/><\/figure>\n","protected":false},"excerpt":{"rendered":"<p>Gecco Tridimensionals SL, responsable del lloc web, d&#8217;ara endavant RESPONSABLE, posa a disposici\u00f3 dels usuaris aquest document, amb el qual pret\u00e9n donar compliment a les obligacions disposades en la Llei 34\/2002, d&#8217;11 de juliol, de Serveis de la Societat de la Informaci\u00f3 i del Comer\u00e7 Electr\u00f2nic (LSSICE), aix\u00ed com informar a tots els usuaris del lloc web. d&#8217;usuari, comprometent-se a l&#8217;observan\u00e7a i el compliment rigor\u00f3s de les disposicions aqu\u00ed disposades, aix\u00ed com a qualsevol altra disposici\u00f3 legal que sigui aplicable.<\/p>\n<p>Gecco Tridimensionals SL es reserva el dret de modificar qualsevol tipus d&#8217;informaci\u00f3 que pogu\u00e9s apar\u00e8ixer al lloc web,<\/p>\n","protected":false},"author":4,"featured_media":0,"parent":0,"menu_order":0,"comment_status":"closed","ping_status":"closed","template":"","meta":{"footnotes":""},"class_list":["post-5040","page","type-page","status-publish","hentry"],"_links":{"self":[{"href":"https:\/\/gecco3d.com\/ca\/wp-json\/wp\/v2\/pages\/5040","targetHints":{"allow":["GET"]}}],"collection":[{"href":"https:\/\/gecco3d.com\/ca\/wp-json\/wp\/v2\/pages"}],"about":[{"href":"https:\/\/gecco3d.com\/ca\/wp-json\/wp\/v2\/types\/page"}],"author":[{"embeddable":true,"href":"https:\/\/gecco3d.com\/ca\/wp-json\/wp\/v2\/users\/4"}],"replies":[{"embeddable":true,"href":"https:\/\/gecco3d.com\/ca\/wp-json\/wp\/v2\/comments?post=5040"}],"version-history":[{"count":2,"href":"https:\/\/gecco3d.com\/ca\/wp-json\/wp\/v2\/pages\/5040\/revisions"}],"predecessor-version":[{"id":5049,"href":"https:\/\/gecco3d.com\/ca\/wp-json\/wp\/v2\/pages\/5040\/revisions\/5049"}],"wp:attachment":[{"href":"https:\/\/gecco3d.com\/ca\/wp-json\/wp\/v2\/media?parent=5040"}],"curies":[{"name":"wp","href":"https:\/\/api.w.org\/{rel}","templated":true}]}}